{"id":5,"date":"2022-09-06T14:06:32","date_gmt":"2022-09-06T12:06:32","guid":{"rendered":"https:\/\/handbuch-der-schweizerischen-mehrwertsteuer.my.be\/?page_id=5"},"modified":"2023-09-13T09:30:42","modified_gmt":"2023-09-13T07:30:42","slug":"accueil","status":"publish","type":"page","link":"https:\/\/handbuch-der-schweizerischen-mehrwertsteuer.ch\/","title":{"rendered":"Accueil"},"content":{"rendered":"\n<div class=\"alignnormal\"><div id=\"metaslider-id-117\" style=\"width: 100%;\" class=\"ml-slider-3-61-0 metaslider metaslider-flex metaslider-117 ml-slider ms-theme-default\" role=\"region\" aria-roledescription=\"Slideshow\" aria-label=\"New Slideshow\">\n    <div id=\"metaslider_container_117\">\n        <div id=\"metaslider_117\">\n            <ul aria-live=\"polite\" class=\"slides\">\n                <li style=\"display: block; width: 100%;\" class=\"slide-121 ms-image \" aria-roledescription=\"slide\" aria-label=\"slide-121\"><img loading=\"lazy\" decoding=\"async\" width=\"2000\" height=\"720\" src=\"https:\/\/handbuch-der-schweizerischen-mehrwertsteuer.ch\/wp-content\/uploads\/2022\/09\/banner-2-1.jpg\" class=\"slider-117 slide-121\" alt=\"\" rel=\"\" title=\"banner-2\" style=\"margin-top: 3.4285714285714%\" srcset=\"https:\/\/handbuch-der-schweizerischen-mehrwertsteuer.ch\/wp-content\/uploads\/2022\/09\/banner-2-1.jpg 2000w, https:\/\/handbuch-der-schweizerischen-mehrwertsteuer.ch\/wp-content\/uploads\/2022\/09\/banner-2-1-300x108.jpg 300w, https:\/\/handbuch-der-schweizerischen-mehrwertsteuer.ch\/wp-content\/uploads\/2022\/09\/banner-2-1-1024x369.jpg 1024w, https:\/\/handbuch-der-schweizerischen-mehrwertsteuer.ch\/wp-content\/uploads\/2022\/09\/banner-2-1-768x276.jpg 768w, https:\/\/handbuch-der-schweizerischen-mehrwertsteuer.ch\/wp-content\/uploads\/2022\/09\/banner-2-1-1536x553.jpg 1536w\" sizes=\"auto, (max-width: 2000px) 100vw, 2000px\" \/><\/li>\n                <li style=\"display: none; width: 100%;\" class=\"slide-120 ms-image \" aria-roledescription=\"slide\" aria-label=\"slide-120\"><img loading=\"lazy\" decoding=\"async\" width=\"2000\" height=\"720\" src=\"https:\/\/handbuch-der-schweizerischen-mehrwertsteuer.ch\/wp-content\/uploads\/2022\/09\/banner-1-1.jpg\" class=\"slider-117 slide-120\" alt=\"\" rel=\"\" title=\"banner-1\" style=\"margin-top: 3.4285714285714%\" srcset=\"https:\/\/handbuch-der-schweizerischen-mehrwertsteuer.ch\/wp-content\/uploads\/2022\/09\/banner-1-1.jpg 2000w, https:\/\/handbuch-der-schweizerischen-mehrwertsteuer.ch\/wp-content\/uploads\/2022\/09\/banner-1-1-300x108.jpg 300w, https:\/\/handbuch-der-schweizerischen-mehrwertsteuer.ch\/wp-content\/uploads\/2022\/09\/banner-1-1-1024x369.jpg 1024w, https:\/\/handbuch-der-schweizerischen-mehrwertsteuer.ch\/wp-content\/uploads\/2022\/09\/banner-1-1-768x276.jpg 768w, https:\/\/handbuch-der-schweizerischen-mehrwertsteuer.ch\/wp-content\/uploads\/2022\/09\/banner-1-1-1536x553.jpg 1536w\" sizes=\"auto, (max-width: 2000px) 100vw, 2000px\" \/><\/li>\n            <\/ul>\n        <\/div>\n        \n    <\/div>\n<\/div><\/div>\n\n\n<form role=\"search\" method=\"get\" action=\"https:\/\/handbuch-der-schweizerischen-mehrwertsteuer.ch\/\" class=\"wp-block-search__button-inside wp-block-search__text-button wp-block-search\"    ><label class=\"wp-block-search__label\" for=\"wp-block-search__input-1\" >STICHWORTSUCHE\u00a0IM KONTEXT<\/label><div class=\"wp-block-search__inside-wrapper\"  style=\"width: 50%\"><input class=\"wp-block-search__input\" id=\"wp-block-search__input-1\" placeholder=\"Suchen ...\" value=\"\" type=\"search\" name=\"s\" required \/><button aria-label=\"Suchen\" class=\"wp-block-search__button wp-element-button\" type=\"submit\" >Suchen<\/button><\/div><\/form>\n\n\n<div style=\"height:40px\" aria-hidden=\"true\" class=\"wp-block-spacer\"><\/div>\n\n\n\n<h2 class=\"wp-block-heading\">HERZLICH WILLKOMMEN AUF DER WEBSITE DES HANDBUCHS DER SCHWEIZERISCHEN MEHRWERTSTEUER<\/h2>\n\n\n\n<div style=\"height:40px\" aria-hidden=\"true\" class=\"wp-block-spacer\"><\/div>\n\n\n\n<p>Liebe Abonnentin, lieber Abonnent,<\/p>\n\n\n\n<p>Herzlich willkommen auf der Website Ihres praxisorientierten Handbuchs!<\/p>\n\n\n\n<p>Sie haben schon : <\/p>\n\n\n\n<ol class=\"wp-block-list\">\n<li>Die Papierausgabe der Aktualisierung in Ihren Ordner eingelegt.<\/li>\n\n\n\n<li>Ihre Kunden- und Rechnungsnummer an&nbsp;<a href=\"mailto:info@ejmb.ch\">info@ejmb.ch<\/a>&nbsp;gemailt.<\/li>\n\n\n\n<li>Ihre pers\u00f6nlichen Zugriffscodes aus dem Begleitschreiben unter dem Reiter &#8220;Anmelden&#8221; eingegeben. Wichtig: Heben Sie diese Zugriffscodes f\u00fcr Ihre zuk\u00fcnftigen Besuche auf der Website auf.<\/li>\n\n\n\n<li>Jetzt sind Sie starbereit, um in Ihrem Handbuch zu surfen:&nbsp;<\/li>\n<\/ol>\n\n\n\n<ul class=\"wp-block-list\">\n<li>Klicken Sie auf den Reiter &#8220;Handbuch durchbl\u00e4ttern&#8221;, um einen \u00dcberblick \u00fcber Ihr Handbuch zu bekommen und wenn Sie schnell Antworten auf Ihre Fragen finden m\u00f6chten. Mit dem Reiter &#8220;Suchen&#8221; k\u00f6nnen Sie einen bestimmten Begriff finden.<\/li>\n\n\n\n<li>Klicken Sie auf den Reiter &#8221; Handbuch als pdf-Datei herunterladen&#8221;, wenn Sie das ganze Handbuch in Form einer pdf-Datei ben\u00f6tigen.<\/li>\n<\/ul>\n\n\n\n<p><\/p>\n\n\n\n<p>Ein Abonnement, 3 verschiedenen Formen:&nbsp;<\/p>\n\n\n\n<p>der Ordner mit der Papierausgabe in der aktuellsten Version<\/p>\n\n\n\n<p>eine Website f\u00fcr Ihr Handbuch mit interaktiven Funktionen, die Ihnen Ihre Recherchen erleichtern<\/p>\n\n\n\n<p>Hinweis&nbsp;:&nbsp;Die Themen, die in unseren praxisorientierten Handb\u00fcchern behandelt werden, stehen im Einklang mit der aktuellen Gesetzgebung. Deshalb enthalten sie insbesondere auch Dokumente der Eidgen\u00f6ssischen Steuerverwaltung. Die diesbez\u00fcglichen Copyrights werden an den entsprechenden Stellen in der Papierausgabe und in der pdf-Datei angegeben. In der Online-Ausgabe des Handbuchs wurde aus Gr\u00fcnden der Lesbarkeit darauf verzichtet.&nbsp;<\/p>\n\n\n\n<div style=\"height:40px\" aria-hidden=\"true\" class=\"wp-block-spacer\"><\/div>\n\n\n\n<h2 class=\"wp-block-heading\">VERS\u00a0LA TABLE DES MATI\u00c8RES EN LIGNE<\/h2>\n\n\n\n<figure class=\"wp-block-image size-full\"><img loading=\"lazy\" decoding=\"async\" width=\"600\" height=\"400\" src=\"https:\/\/handbuch-der-schweizerischen-mehrwertsteuer.ch\/wp-content\/uploads\/2023\/09\/TvaDE1et2-600x400png.png\" alt=\"\" class=\"wp-image-3615\" srcset=\"https:\/\/handbuch-der-schweizerischen-mehrwertsteuer.ch\/wp-content\/uploads\/2023\/09\/TvaDE1et2-600x400png.png 600w, https:\/\/handbuch-der-schweizerischen-mehrwertsteuer.ch\/wp-content\/uploads\/2023\/09\/TvaDE1et2-600x400png-300x200.png 300w\" sizes=\"auto, (max-width: 600px) 100vw, 600px\" \/><\/figure>\n","protected":false},"excerpt":{"rendered":"<p>HERZLICH WILLKOMMEN AUF DER WEBSITE DES HANDBUCHS DER SCHWEIZERISCHEN MEHRWERTSTEUER Liebe Abonnentin, lieber Abonnent, Herzlich willkommen auf der Website Ihres praxisorientierten Handbuchs! Sie haben schon : Ein Abonnement, 3 verschiedenen Formen:&nbsp; der Ordner mit der Papierausgabe in der aktuellsten Version eine Website f\u00fcr Ihr Handbuch mit interaktiven Funktionen, die Ihnen Ihre Recherchen erleichtern Hinweis&nbsp;:&nbsp;Die Themen, &hellip;<\/p>\n<p class=\"read-more\"> <a class=\"\" href=\"https:\/\/handbuch-der-schweizerischen-mehrwertsteuer.ch\/\"> <span class=\"screen-reader-text\">Accueil<\/span> Lire la suite\u00a0\u00bb<\/a><\/p>\n","protected":false},"author":1,"featured_media":0,"parent":0,"menu_order":0,"comment_status":"closed","ping_status":"closed","template":"","meta":{"site-sidebar-layout":"default","site-content-layout":"default","ast-global-header-display":"","ast-main-header-display":"","ast-hfb-above-header-display":"","ast-hfb-below-header-display":"","ast-hfb-mobile-header-display":"","site-post-title":"disabled","ast-breadcrumbs-content":"","ast-featured-img":"","footer-sml-layout":"","theme-transparent-header-meta":"default","adv-header-id-meta":"","stick-header-meta":"","header-above-stick-meta":"","header-main-stick-meta":"","header-below-stick-meta":"","footnotes":""},"class_list":["post-5","page","type-page","status-publish","hentry"],"_links":{"self":[{"href":"https:\/\/handbuch-der-schweizerischen-mehrwertsteuer.ch\/index.php?rest_route=\/wp\/v2\/pages\/5","targetHints":{"allow":["GET"]}}],"collection":[{"href":"https:\/\/handbuch-der-schweizerischen-mehrwertsteuer.ch\/index.php?rest_route=\/wp\/v2\/pages"}],"about":[{"href":"https:\/\/handbuch-der-schweizerischen-mehrwertsteuer.ch\/index.php?rest_route=\/wp\/v2\/types\/page"}],"author":[{"embeddable":true,"href":"https:\/\/handbuch-der-schweizerischen-mehrwertsteuer.ch\/index.php?rest_route=\/wp\/v2\/users\/1"}],"replies":[{"embeddable":true,"href":"https:\/\/handbuch-der-schweizerischen-mehrwertsteuer.ch\/index.php?rest_route=%2Fwp%2Fv2%2Fcomments&post=5"}],"version-history":[{"count":14,"href":"https:\/\/handbuch-der-schweizerischen-mehrwertsteuer.ch\/index.php?rest_route=\/wp\/v2\/pages\/5\/revisions"}],"predecessor-version":[{"id":3616,"href":"https:\/\/handbuch-der-schweizerischen-mehrwertsteuer.ch\/index.php?rest_route=\/wp\/v2\/pages\/5\/revisions\/3616"}],"wp:attachment":[{"href":"https:\/\/handbuch-der-schweizerischen-mehrwertsteuer.ch\/index.php?rest_route=%2Fwp%2Fv2%2Fmedia&parent=5"}],"curies":[{"name":"wp","href":"https:\/\/api.w.org\/{rel}","templated":true}]}}